{"id":695,"date":"2020-07-13T10:49:57","date_gmt":"2020-07-13T10:49:57","guid":{"rendered":"https:\/\/themekreativ.com\/callduty\/?page_id=695"},"modified":"2024-06-25T23:44:00","modified_gmt":"2024-06-25T21:44:00","slug":"our-services","status":"publish","type":"page","link":"https:\/\/bca.djoservice.fr\/index.php\/our-services\/","title":{"rendered":"Our Services"},"content":{"rendered":"\t\t<div data-elementor-type=\"wp-page\" data-elementor-id=\"695\" class=\"elementor elementor-695\">\n\t\t\t\t\t\t<div class=\"elementor-inner\">\n\t\t\t\t<div class=\"elementor-section-wrap\">\n\t\t\t\t\t\t\t\t\t<section class=\"elementor-section elementor-top-section elementor-element elementor-element-7af6587 cd-bg-color-white elementor-section-boxed elementor-section-height-default elementor-section-height-default\" data-id=\"7af6587\" data-element_type=\"section\">\n\t\t\t\t\t\t<div class=\"elementor-container elementor-column-gap-no\">\n\t\t\t\t\t\t\t<div class=\"elementor-row\">\n\t\t\t\t\t<div class=\"elementor-column elementor-col-100 elementor-top-column elementor-element elementor-element-0a623ba cd-bg-color-transparent\" data-id=\"0a623ba\" data-element_type=\"column\">\n\t\t\t<div class=\"elementor-column-wrap elementor-element-populated\">\n\t\t\t\t\t\t\t<div class=\"elementor-widget-wrap\">\n\t\t\t\t\t\t<div class=\"elementor-element elementor-element-916bb7c elementor-widget elementor-widget-calens-services\" data-id=\"916bb7c\" data-element_type=\"widget\" data-widget_type=\"calens-services.default\">\n\t\t\t\t<div class=\"elementor-widget-container\">\n\t\t\t\t\t<div class=\"tcr-elementor-widget tcr_services_wrapper services-style-2 services-layout-grid\">\r\n\t\t\t<div class=\"row\">\r\n\t\t\t<div class=\"col-xl-4 col-lg-4 col-md-6 col-sm-12\">\r\n\t\t\t<div class=\"tcr-service-slide\">\r\n\t<div class=\"tcr-service-wrapper\">\t\t\t\t\r\n\t\t<div class=\"tcr-service-thumbnail-wrapper\">\r\n\t\t\t\t\t\t<div class=\"tcr-service-image-container\">\r\n\t\t\t\t\t\t\t\t\t<img decoding=\"async\" class=\"service-image\" src=\"https:\/\/bca.djoservice.fr\/wp-content\/uploads\/2020\/06\/img-02-600x400.jpg\" alt=\"Service d&#039;impression polyvalent\">\r\n\t\t\t\t\t\t\t\t<\/div>\t\r\n\t\t\t<div class=\"tcr-service-date\">\r\n\t\t\t\t\t\t\t\t\t<i class=\"flaticon-call-center-service\"><\/i>\r\n\t\t\t\t\t\t\t\t<\/div>\t\t\t\t\r\n\t\t<\/div>\r\n\t\t<div class=\"tcr-service-title-inner\">\r\n\t\t\t<div class=\"tcr-post-category\">\r\n\t\t\t\t\t\t\t\t\t\t<a href=\"https:\/\/bca.djoservice.fr\/index.php\/service-category\/agent-tranning\/\">\r\n\t\t\t\t\t\t\tAgent Tranning\t\t\t\t\t\t<\/a>\r\n\t\t\t\t\t\t\t<\/div>\r\n\t\t\t<div class=\"tcr-service-title\">\r\n\t\t\t\t<h3 class=\"service-title\"><a href=\"https:\/\/bca.djoservice.fr\/index.php\/service\/inbound-call-center\/\">Service d&#039;impression polyvalent<\/a><\/h3>\r\n\t\t\t<\/div>\r\n\t\t\t<div class=\"tcr-service-content\">\t\t\t\t\t\r\n\t\t\t\t<p>Fournir des services d&#8217;impression de haute qualit\u00e9<\/p>\n\t\t\t<\/div>\r\n\t\t<\/div>\r\n\t<\/div>\r\n<\/div>\r\n\t\t<\/div>\r\n\t\t\t\t<div class=\"col-xl-4 col-lg-4 col-md-6 col-sm-12\">\r\n\t\t\t<div class=\"tcr-service-slide\">\r\n\t<div class=\"tcr-service-wrapper\">\t\t\t\t\r\n\t\t<div class=\"tcr-service-thumbnail-wrapper\">\r\n\t\t\t\t\t\t<div class=\"tcr-service-image-container\">\r\n\t\t\t\t\t\t\t\t\t<img decoding=\"async\" class=\"service-image\" src=\"https:\/\/bca.djoservice.fr\/wp-content\/uploads\/2020\/06\/img-n-01-600x400.jpg\" alt=\"COMMUNICATION DES ENTREPRISES\">\r\n\t\t\t\t\t\t\t\t<\/div>\t\r\n\t\t\t<div class=\"tcr-service-date\">\r\n\t\t\t\t\t\t\t\t\t<i class=\"flaticon-call-center-4\"><\/i>\r\n\t\t\t\t\t\t\t\t<\/div>\t\t\t\t\r\n\t\t<\/div>\r\n\t\t<div class=\"tcr-service-title-inner\">\r\n\t\t\t<div class=\"tcr-post-category\">\r\n\t\t\t\t\t\t\t\t\t\t<a href=\"https:\/\/bca.djoservice.fr\/index.php\/service-category\/call-center\/\">\r\n\t\t\t\t\t\t\tCall Center\t\t\t\t\t\t<\/a>\r\n\t\t\t\t\t\t\t<\/div>\r\n\t\t\t<div class=\"tcr-service-title\">\r\n\t\t\t\t<h3 class=\"service-title\"><a href=\"https:\/\/bca.djoservice.fr\/index.php\/service\/outbound-call-center\/\">COMMUNICATION DES ENTREPRISES<\/a><\/h3>\r\n\t\t\t<\/div>\r\n\t\t\t<div class=\"tcr-service-content\">\t\t\t\t\t\r\n\t\t\t\t<p>Travaillerons \u00e0 \u00e9tablir et \u00e0 maintenir une image positive<\/p>\n\t\t\t<\/div>\r\n\t\t<\/div>\r\n\t<\/div>\r\n<\/div>\r\n\t\t<\/div>\r\n\t\t\t\t<div class=\"col-xl-4 col-lg-4 col-md-6 col-sm-12\">\r\n\t\t\t<div class=\"tcr-service-slide\">\r\n\t<div class=\"tcr-service-wrapper\">\t\t\t\t\r\n\t\t<div class=\"tcr-service-thumbnail-wrapper\">\r\n\t\t\t\t\t\t<div class=\"tcr-service-image-container\">\r\n\t\t\t\t\t\t\t\t\t<img decoding=\"async\" class=\"service-image\" src=\"https:\/\/bca.djoservice.fr\/wp-content\/uploads\/2020\/06\/img-02-600x400.jpg\" alt=\"Service de Conception Graphique\">\r\n\t\t\t\t\t\t\t\t<\/div>\t\r\n\t\t\t<div class=\"tcr-service-date\">\r\n\t\t\t\t\t\t\t\t\t<i class=\"flaticon-data-analysis\"><\/i>\r\n\t\t\t\t\t\t\t\t<\/div>\t\t\t\t\r\n\t\t<\/div>\r\n\t\t<div class=\"tcr-service-title-inner\">\r\n\t\t\t<div class=\"tcr-post-category\">\r\n\t\t\t\t\t\t\t\t\t\t<a href=\"https:\/\/bca.djoservice.fr\/index.php\/service-category\/customer-support\/\">\r\n\t\t\t\t\t\t\tCustomer Support\t\t\t\t\t\t<\/a>\r\n\t\t\t\t\t\t\t<\/div>\r\n\t\t\t<div class=\"tcr-service-title\">\r\n\t\t\t\t<h3 class=\"service-title\"><a href=\"https:\/\/bca.djoservice.fr\/index.php\/service\/it-services\/\">Service de Conception Graphique<\/a><\/h3>\r\n\t\t\t<\/div>\r\n\t\t\t<div class=\"tcr-service-content\">\t\t\t\t\t\r\n\t\t\t\t<p>Cr\u00e9erons des designs uniques<br \/>\npour vos besoins sp\u00e9cifiques<\/p>\n\t\t\t<\/div>\r\n\t\t<\/div>\r\n\t<\/div>\r\n<\/div>\r\n\t\t<\/div>\r\n\t\t\t\t<div class=\"col-xl-4 col-lg-4 col-md-6 col-sm-12\">\r\n\t\t\t<div class=\"tcr-service-slide\">\r\n\t<div class=\"tcr-service-wrapper\">\t\t\t\t\r\n\t\t<div class=\"tcr-service-thumbnail-wrapper\">\r\n\t\t\t\t\t\t<div class=\"tcr-service-image-container\">\r\n\t\t\t\t\t\t\t\t\t<img decoding=\"async\" class=\"service-image\" src=\"https:\/\/bca.djoservice.fr\/wp-content\/uploads\/2020\/06\/img-n-01-600x400.jpg\" alt=\"Service d&#039;Audit Marketing par BCA S.A\">\r\n\t\t\t\t\t\t\t\t<\/div>\t\r\n\t\t\t<div class=\"tcr-service-date\">\r\n\t\t\t\t\t\t\t\t\t<i class=\"flaticon-call-center-3\"><\/i>\r\n\t\t\t\t\t\t\t\t<\/div>\t\t\t\t\r\n\t\t<\/div>\r\n\t\t<div class=\"tcr-service-title-inner\">\r\n\t\t\t<div class=\"tcr-post-category\">\r\n\t\t\t\t\t\t\t\t\t\t<a href=\"https:\/\/bca.djoservice.fr\/index.php\/service-category\/live-chat\/\">\r\n\t\t\t\t\t\t\tLive Chat\t\t\t\t\t\t<\/a>\r\n\t\t\t\t\t\t\t<\/div>\r\n\t\t\t<div class=\"tcr-service-title\">\r\n\t\t\t\t<h3 class=\"service-title\"><a href=\"https:\/\/bca.djoservice.fr\/index.php\/service\/email-support\/\">Service d&#039;Audit Marketing par BCA S.A<\/a><\/h3>\r\n\t\t\t<\/div>\r\n\t\t\t<div class=\"tcr-service-content\">\t\t\t\t\t\r\n\t\t\t\t<p>Analyserons les donn\u00e9es de performance de vos efforts de marketing<\/p>\n\t\t\t<\/div>\r\n\t\t<\/div>\r\n\t<\/div>\r\n<\/div>\r\n\t\t<\/div>\r\n\t\t\t\t<div class=\"col-xl-4 col-lg-4 col-md-6 col-sm-12\">\r\n\t\t\t<div class=\"tcr-service-slide\">\r\n\t<div class=\"tcr-service-wrapper\">\t\t\t\t\r\n\t\t<div class=\"tcr-service-thumbnail-wrapper\">\r\n\t\t\t\t\t\t<div class=\"tcr-service-image-container\">\r\n\t\t\t\t\t\t\t\t\t<img decoding=\"async\" class=\"service-image\" src=\"https:\/\/bca.djoservice.fr\/wp-content\/uploads\/2020\/06\/img-02-600x400.jpg\" alt=\"Service de gestion des m\u00e9dias sociaux\">\r\n\t\t\t\t\t\t\t\t<\/div>\t\r\n\t\t\t<div class=\"tcr-service-date\">\r\n\t\t\t\t\t\t\t\t\t<i class=\"flaticon-call-center-3\"><\/i>\r\n\t\t\t\t\t\t\t\t<\/div>\t\t\t\t\r\n\t\t<\/div>\r\n\t\t<div class=\"tcr-service-title-inner\">\r\n\t\t\t<div class=\"tcr-post-category\">\r\n\t\t\t\t\t\t\t\t\t\t<a href=\"https:\/\/bca.djoservice.fr\/index.php\/service-category\/order-taking\/\">\r\n\t\t\t\t\t\t\tOrder Taking\t\t\t\t\t\t<\/a>\r\n\t\t\t\t\t\t\t<\/div>\r\n\t\t\t<div class=\"tcr-service-title\">\r\n\t\t\t\t<h3 class=\"service-title\"><a href=\"https:\/\/bca.djoservice.fr\/index.php\/service\/chat-support\/\">Service de gestion des m\u00e9dias sociaux<\/a><\/h3>\r\n\t\t\t<\/div>\r\n\t\t\t<div class=\"tcr-service-content\">\t\t\t\t\t\r\n\t\t\t\t<p>Interagirons avec votre public sur les m\u00e9dias<br \/>\nsociaux<\/p>\n\t\t\t<\/div>\r\n\t\t<\/div>\r\n\t<\/div>\r\n<\/div>\r\n\t\t<\/div>\r\n\t\t\t\t<div class=\"col-xl-4 col-lg-4 col-md-6 col-sm-12\">\r\n\t\t\t<div class=\"tcr-service-slide\">\r\n\t<div class=\"tcr-service-wrapper\">\t\t\t\t\r\n\t\t<div class=\"tcr-service-thumbnail-wrapper\">\r\n\t\t\t\t\t\t<div class=\"tcr-service-image-container\">\r\n\t\t\t\t\t\t\t\t\t<img decoding=\"async\" class=\"service-image\" src=\"https:\/\/bca.djoservice.fr\/wp-content\/uploads\/2020\/06\/img-n-01-600x400.jpg\" alt=\"Service de Production Audiovisuelle Complet\">\r\n\t\t\t\t\t\t\t\t<\/div>\t\r\n\t\t\t<div class=\"tcr-service-date\">\r\n\t\t\t\t\t\t\t\t\t<i class=\"flaticon-insurance\"><\/i>\r\n\t\t\t\t\t\t\t\t<\/div>\t\t\t\t\r\n\t\t<\/div>\r\n\t\t<div class=\"tcr-service-title-inner\">\r\n\t\t\t<div class=\"tcr-post-category\">\r\n\t\t\t\t\t\t\t\t\t\t<a href=\"https:\/\/bca.djoservice.fr\/index.php\/service-category\/outsourcing\/\">\r\n\t\t\t\t\t\t\tOutsourcing\t\t\t\t\t\t<\/a>\r\n\t\t\t\t\t\t\t<\/div>\r\n\t\t\t<div class=\"tcr-service-title\">\r\n\t\t\t\t<h3 class=\"service-title\"><a href=\"https:\/\/bca.djoservice.fr\/index.php\/service\/backoffice-support\/\">Service de Production Audiovisuelle Complet<\/a><\/h3>\r\n\t\t\t<\/div>\r\n\t\t\t<div class=\"tcr-service-content\">\t\t\t\t\t\r\n\t\t\t\t<p>Un plan solide en place, nous passerons \u00e0 la<br \/>\nphase de production.<\/p>\n\t\t\t<\/div>\r\n\t\t<\/div>\r\n\t<\/div>\r\n<\/div>\r\n\t\t<\/div>\r\n\t\t\t\t<div class=\"col-xl-4 col-lg-4 col-md-6 col-sm-12\">\r\n\t\t\t<div class=\"tcr-service-slide\">\r\n\t<div class=\"tcr-service-wrapper\">\t\t\t\t\r\n\t\t<div class=\"tcr-service-thumbnail-wrapper\">\r\n\t\t\t\t\t\t<div class=\"tcr-service-image-container\">\r\n\t\t\t\t\t\t\t\t\t<img decoding=\"async\" class=\"service-image\" src=\"https:\/\/bca.djoservice.fr\/wp-content\/uploads\/2020\/06\/img-02-600x400.jpg\" alt=\"Gestion compl\u00e8te des campagnes publicitaires sur le terrain\">\r\n\t\t\t\t\t\t\t\t<\/div>\t\r\n\t\t\t<div class=\"tcr-service-date\">\r\n\t\t\t\t\t\t\t\t\t<i class=\"flaticon-call-center-1\"><\/i>\r\n\t\t\t\t\t\t\t\t<\/div>\t\t\t\t\r\n\t\t<\/div>\r\n\t\t<div class=\"tcr-service-title-inner\">\r\n\t\t\t<div class=\"tcr-post-category\">\r\n\t\t\t\t\t\t\t\t\t\t<a href=\"https:\/\/bca.djoservice.fr\/index.php\/service-category\/agent-tranning\/\">\r\n\t\t\t\t\t\t\tAgent Tranning\t\t\t\t\t\t<\/a>\r\n\t\t\t\t\t\t\t<\/div>\r\n\t\t\t<div class=\"tcr-service-title\">\r\n\t\t\t\t<h3 class=\"service-title\"><a href=\"https:\/\/bca.djoservice.fr\/index.php\/service\/telemarketing\/\">Gestion compl\u00e8te des campagnes publicitaires sur le terrain<\/a><\/h3>\r\n\t\t\t<\/div>\r\n\t\t\t<div class=\"tcr-service-content\">\t\t\t\t\t\r\n\t\t\t\t<p>concevons et cr\u00e9ons des supports<br \/>\npublicitaires attrayants et percutants adapt\u00e9s aux exigences<\/p>\n\t\t\t<\/div>\r\n\t\t<\/div>\r\n\t<\/div>\r\n<\/div>\r\n\t\t<\/div>\r\n\t\t\t\t<div class=\"col-xl-4 col-lg-4 col-md-6 col-sm-12\">\r\n\t\t\t<div class=\"tcr-service-slide\">\r\n\t<div class=\"tcr-service-wrapper\">\t\t\t\t\r\n\t\t<div class=\"tcr-service-thumbnail-wrapper\">\r\n\t\t\t\t\t\t<div class=\"tcr-service-image-container\">\r\n\t\t\t\t\t\t\t\t\t<img decoding=\"async\" class=\"service-image\" src=\"https:\/\/bca.djoservice.fr\/wp-content\/uploads\/2020\/06\/img-n-01-600x400.jpg\" alt=\"Service de Broderie Personnalis\u00e9e\">\r\n\t\t\t\t\t\t\t\t<\/div>\t\r\n\t\t\t<div class=\"tcr-service-date\">\r\n\t\t\t\t\t\t\t\t\t<i class=\"flaticon-call-center-service\"><\/i>\r\n\t\t\t\t\t\t\t\t<\/div>\t\t\t\t\r\n\t\t<\/div>\r\n\t\t<div class=\"tcr-service-title-inner\">\r\n\t\t\t<div class=\"tcr-post-category\">\r\n\t\t\t\t\t\t\t\t\t\t<a href=\"https:\/\/bca.djoservice.fr\/index.php\/service-category\/customer-support\/\">\r\n\t\t\t\t\t\t\tCustomer Support\t\t\t\t\t\t<\/a>\r\n\t\t\t\t\t\t\t<\/div>\r\n\t\t\t<div class=\"tcr-service-title\">\r\n\t\t\t\t<h3 class=\"service-title\"><a href=\"https:\/\/bca.djoservice.fr\/index.php\/service\/telemarketing-2\/\">Service de Broderie Personnalis\u00e9e<\/a><\/h3>\r\n\t\t\t<\/div>\r\n\t\t\t<div class=\"tcr-service-content\">\t\t\t\t\t\r\n\t\t\t\t<p>Offrons des services de broderie pour des sacs, des<br \/>\n\u00e9charpes, des bonnets et bien d&#8217;autres accessoires.<\/p>\n\t\t\t<\/div>\r\n\t\t<\/div>\r\n\t<\/div>\r\n<\/div>\r\n\t\t<\/div>\r\n\t\t\t\t<div class=\"col-xl-4 col-lg-4 col-md-6 col-sm-12\">\r\n\t\t\t<div class=\"tcr-service-slide\">\r\n\t<div class=\"tcr-service-wrapper\">\t\t\t\t\r\n\t\t<div class=\"tcr-service-thumbnail-wrapper\">\r\n\t\t\t\t\t\t<div class=\"tcr-service-image-container\">\r\n\t\t\t\t\t\t\t\t\t<img decoding=\"async\" class=\"service-image\" src=\"https:\/\/bca.djoservice.fr\/wp-content\/uploads\/2020\/06\/img-02-600x400.jpg\" alt=\"Impression Num\u00e9rique\">\r\n\t\t\t\t\t\t\t\t<\/div>\t\r\n\t\t\t<div class=\"tcr-service-date\">\r\n\t\t\t\t\t\t\t\t\t<i class=\"flaticon-file\"><\/i>\r\n\t\t\t\t\t\t\t\t<\/div>\t\t\t\t\r\n\t\t<\/div>\r\n\t\t<div class=\"tcr-service-title-inner\">\r\n\t\t\t<div class=\"tcr-post-category\">\r\n\t\t\t\t\t\t\t\t\t\t<a href=\"https:\/\/bca.djoservice.fr\/index.php\/service-category\/order-taking\/\">\r\n\t\t\t\t\t\t\tOrder Taking\t\t\t\t\t\t<\/a>\r\n\t\t\t\t\t\t\t<\/div>\r\n\t\t\t<div class=\"tcr-service-title\">\r\n\t\t\t\t<h3 class=\"service-title\"><a href=\"https:\/\/bca.djoservice.fr\/index.php\/service\/lead-generation\/\">Impression Num\u00e9rique<\/a><\/h3>\r\n\t\t\t<\/div>\r\n\t\t\t<div class=\"tcr-service-content\">\t\t\t\t\t\r\n\t\t\t\t<p>Les affiches, les banni\u00e8res et les panneaux<br \/>\nd&#8217;affichage.<\/p>\n\t\t\t<\/div>\r\n\t\t<\/div>\r\n\t<\/div>\r\n<\/div>\r\n\t\t<\/div>\r\n\t\t<\/div>\r\n\t\t<\/div>\r\n\t\t\t\t<\/div>\n\t\t\t\t<\/div>\n\t\t\t\t\t\t<\/div>\n\t\t\t\t\t<\/div>\n\t\t<\/div>\n\t\t\t\t\t\t\t\t<\/div>\n\t\t\t\t\t<\/div>\n\t\t<\/section>\n\t\t\t\t\t\t\t\t\t<\/div>\n\t\t\t<\/div>\n\t\t\t\t\t<\/div>\n\t\t","protected":false},"excerpt":{"rendered":"<p>Agent Tranning Service d&#039;impression polyvalent Fournir des services d&rsquo;impression de haute qualit\u00e9 Call Center COMMUNICATION DES ENTREPRISES Travaillerons \u00e0 \u00e9tablir et \u00e0 maintenir une image positive Customer Support Service de Conception Graphique Cr\u00e9erons des designs uniques pour vos besoins sp\u00e9cifiques Live Chat Service d&#039;Audit Marketing par BCA S.A Analyserons les donn\u00e9es de performance de vos [&hellip;]<\/p>\n","protected":false},"author":1,"featured_media":0,"parent":0,"menu_order":0,"comment_status":"closed","ping_status":"closed","template":"elementor_header_footer","meta":[],"_links":{"self":[{"href":"https:\/\/bca.djoservice.fr\/index.php\/wp-json\/wp\/v2\/pages\/695"}],"collection":[{"href":"https:\/\/bca.djoservice.fr\/index.php\/wp-json\/wp\/v2\/pages"}],"about":[{"href":"https:\/\/bca.djoservice.fr\/index.php\/wp-json\/wp\/v2\/types\/page"}],"author":[{"embeddable":true,"href":"https:\/\/bca.djoservice.fr\/index.php\/wp-json\/wp\/v2\/users\/1"}],"replies":[{"embeddable":true,"href":"https:\/\/bca.djoservice.fr\/index.php\/wp-json\/wp\/v2\/comments?post=695"}],"version-history":[{"count":6,"href":"https:\/\/bca.djoservice.fr\/index.php\/wp-json\/wp\/v2\/pages\/695\/revisions"}],"predecessor-version":[{"id":4819,"href":"https:\/\/bca.djoservice.fr\/index.php\/wp-json\/wp\/v2\/pages\/695\/revisions\/4819"}],"wp:attachment":[{"href":"https:\/\/bca.djoservice.fr\/index.php\/wp-json\/wp\/v2\/media?parent=695"}],"curies":[{"name":"wp","href":"https:\/\/api.w.org\/{rel}","templated":true}]}}